{"id":331,"date":"2025-12-12T18:42:51","date_gmt":"2025-12-12T18:42:51","guid":{"rendered":"https:\/\/penalolen.dev-gdm.cl\/mascotas\/?page_id=331"},"modified":"2025-12-12T18:42:52","modified_gmt":"2025-12-12T18:42:52","slug":"denuncia-maltrato-animal","status":"publish","type":"page","link":"https:\/\/penalolen.dev-gdm.cl\/mascotas\/denuncia-maltrato-animal\/","title":{"rendered":"Denuncia maltrato animal"},"content":{"rendered":"\n<style type=\"text\/css\" data-created_by=\"avia_inline_auto\" id=\"style-css-av-av_hr-c212a6610ca2a1554649fe7cde83d8bf\">\n#top .hr.hr-invisible.av-av_hr-c212a6610ca2a1554649fe7cde83d8bf{\nheight:50px;\n}\n<\/style>\n<div  class='hr av-av_hr-c212a6610ca2a1554649fe7cde83d8bf hr-invisible  avia-builder-el-0  el_before_av_one_full  avia-builder-el-first '><span class='hr-inner '><span class=\"hr-inner-style\"><\/span><\/span><\/div>\n\n<style type=\"text\/css\" data-created_by=\"avia_inline_auto\" id=\"style-css-av-av_one_full-ad7c59f65466b64bcb24d96cff207287\">\n.flex_column.av-av_one_full-ad7c59f65466b64bcb24d96cff207287{\npadding:30px 30px 30px 30px;\n}\n<\/style>\n<div class='flex_column av-av_one_full-ad7c59f65466b64bcb24d96cff207287 av_one_full  avia-builder-el-1  el_after_av_hr  avia-builder-el-last  sombra first flex_column_div '   ><p>\n<style type=\"text\/css\" data-created_by=\"avia_inline_auto\" id=\"style-css-av-mj37s54m-fa7f495665d3204f56bc7fe815ec21ad\">\n#top .av-special-heading.av-mj37s54m-fa7f495665d3204f56bc7fe815ec21ad{\npadding-bottom:10px;\n}\nbody .av-special-heading.av-mj37s54m-fa7f495665d3204f56bc7fe815ec21ad .av-special-heading-tag .heading-char{\nfont-size:25px;\n}\n.av-special-heading.av-mj37s54m-fa7f495665d3204f56bc7fe815ec21ad .av-subheading{\nfont-size:15px;\n}\n<\/style>\n<div  class='av-special-heading av-mj37s54m-fa7f495665d3204f56bc7fe815ec21ad av-special-heading-h3 blockquote elegant-quote elegant-centered  avia-builder-el-2  el_before_av_textblock  avia-builder-el-first '><h3 class='av-special-heading-tag'  itemprop=\"headline\"  ><span class=\"heading-wrap\">Denuncia maltrato animal<\/span><\/h3><div class=\"special-heading-border\"><div class=\"special-heading-inner-border\"><\/div><\/div><\/div><br \/>\n<section  class='av_textblock_section av-mj37spv9-11ec3bfdfa102902e07ef57528de0585'  itemscope=\"itemscope\" itemtype=\"https:\/\/schema.org\/CreativeWork\" ><div class='avia_textblock'  itemprop=\"text\" ><p>Un acto de maltrato o crueldad animal cualquier acci\u00f3n u omisi\u00f3n, ocasional o reiterada, que injustificadamente cause da\u00f1o, dolor o sufrimiento a un animal.<\/p>\n<p>Para denunciar, el procedimiento comienza presentando una denuncia formal en Carabineros de Chile, Polic\u00eda de Investigaciones (PDI), Fiscal\u00eda (Av. Am\u00e9rico Vespucio N\u00ba 6800) o en la Subsecretar\u00eda de Prevenci\u00f3n del delito, en forma online y anonima en \u00a0<a href=\"https:\/\/denunciaseguroweb.minsegpublica.gob.cl\/\">https:\/\/denunciaseguroweb.minsegpublica.gob.cl<\/a><a href=\"https:\/\/denunciaseguroweb.minsegpublica.gob.cl\/\">\/<\/a><\/p>\n<p>Tr\u00e1mite que se realiza con los siguientes antecedentes:<\/p>\n<ul>\n<li>Fecha, lugar, narraci\u00f3n del suceso, y en caso de existir, un documento de un m\u00e9dico veterinario que indique lesiones asociadas.<\/li>\n<li>Registro del il\u00edcito (fotograf\u00edas, videos, audios, testigos, otros).<\/li>\n<li>Ser una persona mayor de 18 a\u00f1os.En el caso de ser menor de edad, debes ser representado jur\u00eddicamente por un mayor de edad).<\/li>\n<\/ul>\n<p>Posteriormente, el Ministerio P\u00fablico revisar\u00e1 la denuncia y tomar\u00e1 las acciones que se determinen, seg\u00fan cada caso.<\/p>\n<\/div><\/section><\/p><\/div>\n","protected":false},"excerpt":{"rendered":"","protected":false},"author":1,"featured_media":0,"parent":0,"menu_order":0,"comment_status":"closed","ping_status":"closed","template":"","meta":{"footnotes":""},"class_list":["post-331","page","type-page","status-publish","hentry"],"_links":{"self":[{"href":"https:\/\/penalolen.dev-gdm.cl\/mascotas\/wp-json\/wp\/v2\/pages\/331","targetHints":{"allow":["GET"]}}],"collection":[{"href":"https:\/\/penalolen.dev-gdm.cl\/mascotas\/wp-json\/wp\/v2\/pages"}],"about":[{"href":"https:\/\/penalolen.dev-gdm.cl\/mascotas\/wp-json\/wp\/v2\/types\/page"}],"author":[{"embeddable":true,"href":"https:\/\/penalolen.dev-gdm.cl\/mascotas\/wp-json\/wp\/v2\/users\/1"}],"replies":[{"embeddable":true,"href":"https:\/\/penalolen.dev-gdm.cl\/mascotas\/wp-json\/wp\/v2\/comments?post=331"}],"version-history":[{"count":1,"href":"https:\/\/penalolen.dev-gdm.cl\/mascotas\/wp-json\/wp\/v2\/pages\/331\/revisions"}],"predecessor-version":[{"id":332,"href":"https:\/\/penalolen.dev-gdm.cl\/mascotas\/wp-json\/wp\/v2\/pages\/331\/revisions\/332"}],"wp:attachment":[{"href":"https:\/\/penalolen.dev-gdm.cl\/mascotas\/wp-json\/wp\/v2\/media?parent=331"}],"curies":[{"name":"wp","href":"https:\/\/api.w.org\/{rel}","templated":true}]}}