{"id":322,"date":"2025-12-12T18:36:46","date_gmt":"2025-12-12T18:36:46","guid":{"rendered":"https:\/\/penalolen.dev-gdm.cl\/mascotas\/?page_id=322"},"modified":"2026-01-07T12:44:43","modified_gmt":"2026-01-07T12:44:43","slug":"control-de-plagas","status":"publish","type":"page","link":"https:\/\/penalolen.dev-gdm.cl\/mascotas\/control-de-plagas\/","title":{"rendered":"Control de plagas"},"content":{"rendered":"\n<style type=\"text\/css\" data-created_by=\"avia_inline_auto\" id=\"style-css-av-387xe2-9a33c741d445578a96de6f97abcfdfeb\">\n#top .hr.hr-invisible.av-387xe2-9a33c741d445578a96de6f97abcfdfeb{\nheight:50px;\n}\n<\/style>\n<div  class='hr av-387xe2-9a33c741d445578a96de6f97abcfdfeb hr-invisible  avia-builder-el-0  el_before_av_one_full  avia-builder-el-first '><span class='hr-inner '><span class=\"hr-inner-style\"><\/span><\/span><\/div>\n<div class='flex_column av-mj6nnw3p-017cf39dc4c0754c36a269d312f0ea91 av_one_full  avia-builder-el-1  el_after_av_hr  el_before_av_hr  first flex_column_div '   ><style type=\"text\/css\" data-created_by=\"avia_inline_auto\" id=\"style-css-av-mj37ieqn-3598f68ad7b6728ff8cb5975b48d932d\">\n#top .av-special-heading.av-mj37ieqn-3598f68ad7b6728ff8cb5975b48d932d{\npadding-bottom:10px;\n}\nbody .av-special-heading.av-mj37ieqn-3598f68ad7b6728ff8cb5975b48d932d .av-special-heading-tag .heading-char{\nfont-size:25px;\n}\n.av-special-heading.av-mj37ieqn-3598f68ad7b6728ff8cb5975b48d932d .av-subheading{\nfont-size:15px;\n}\n<\/style>\n<div  class='av-special-heading av-mj37ieqn-3598f68ad7b6728ff8cb5975b48d932d av-special-heading-h1 blockquote elegant-quote elegant-centered  avia-builder-el-2  avia-builder-el-no-sibling '><h1 class='av-special-heading-tag'  itemprop=\"headline\"  ><span class=\"heading-wrap\">Control de plagas<\/span><\/h1><div class=\"special-heading-border\"><div class=\"special-heading-inner-border\"><\/div><\/div><\/div><\/div>\n\n<style type=\"text\/css\" data-created_by=\"avia_inline_auto\" id=\"style-css-av-9vp16-cc99bf341c8387dd5b3dfef7d84ab8ec\">\n#top .hr.hr-invisible.av-9vp16-cc99bf341c8387dd5b3dfef7d84ab8ec{\nheight:50px;\n}\n<\/style>\n<div  class='hr av-9vp16-cc99bf341c8387dd5b3dfef7d84ab8ec hr-invisible  avia-builder-el-3  el_after_av_one_full  el_before_av_one_half '><span class='hr-inner '><span class=\"hr-inner-style\"><\/span><\/span><\/div>\n\n<style type=\"text\/css\" data-created_by=\"avia_inline_auto\" id=\"style-css-av-2ztabu-b767238a08217dfcde193f9065b3de8e\">\n.flex_column.av-2ztabu-b767238a08217dfcde193f9065b3de8e{\npadding:30px 30px 30px 30px;\n}\n<\/style>\n<div class='flex_column av-2ztabu-b767238a08217dfcde193f9065b3de8e av_one_half  avia-builder-el-4  el_after_av_hr  el_before_av_one_half  sombra first flex_column_div '   ><p>\n<style type=\"text\/css\" data-created_by=\"avia_inline_auto\" id=\"style-css-av-3c3wqq-253fff0062ce4634d1072bd545b7789a\">\n#top .av-special-heading.av-3c3wqq-253fff0062ce4634d1072bd545b7789a{\npadding-bottom:10px;\n}\nbody .av-special-heading.av-3c3wqq-253fff0062ce4634d1072bd545b7789a .av-special-heading-tag .heading-char{\nfont-size:25px;\n}\n.av-special-heading.av-3c3wqq-253fff0062ce4634d1072bd545b7789a .av-subheading{\nfont-size:15px;\n}\n<\/style>\n<div  class='av-special-heading av-3c3wqq-253fff0062ce4634d1072bd545b7789a av-special-heading-h3 blockquote elegant-quote elegant-centered  avia-builder-el-5  el_before_av_textblock  avia-builder-el-first '><h3 class='av-special-heading-tag'  itemprop=\"headline\"  ><span class=\"heading-wrap\">Control de plagas<\/span><\/h3><div class=\"special-heading-border\"><div class=\"special-heading-inner-border\"><\/div><\/div><\/div><br \/>\n<section  class='av_textblock_section av-mj37imgq-bad8aa84152f7f88201d302e9db9500f'  itemscope=\"itemscope\" itemtype=\"https:\/\/schema.org\/CreativeWork\" ><div class='avia_textblock'  itemprop=\"text\" ><p>Si requieres servicio de <strong>fumigaci\u00f3n o desratizaci\u00f3n<\/strong>, debes enviar un correo a <a href=\"mailto:zoonosis@penalolen.cl\">zoonosis@penalolen.cl<\/a> o <a href=\"mailto:mascotas@penalolen.cl\">mascotas@penalolen.cl<\/a>. En el mensaje, debes indicar el servicio que requieres y enviar tu n\u00famero telef\u00f3nico para que podamos contactarte.<\/p>\n<\/div><\/section><br \/>\n<div class='avia-data-table-wrap av-3283bu-9f930d6a58282774ea7fa7dface87920 avia_responsive_table avia-table-1'><table  class='avia-table avia-data-table avia_pricing_default  avia-builder-el-7  el_after_av_textblock  avia-builder-el-last '  itemscope=\"itemscope\" itemtype=\"https:\/\/schema.org\/Table\" ><tbody><tr class='avia-heading-row'><th class=''>Control<\/th><th class=''>Precio<\/th><th class=''>Detalle<\/th><\/tr><tr class=''><td class=''>Fumigaci\u00f3n (interna y externa)<\/td><td class=''>$9.000<\/td><td class=''>Sujeto a evaluaci\u00f3n previa, el valor puede cambiar seg\u00fan el terreno.<\/td><\/tr><tr class=''><td class=''>Desratizaci\u00f3n (interna y externa)<\/td><td class=''>$9.000<\/td><td class=''>Sujeto a evaluaci\u00f3n previa, el valor puede cambiar seg\u00fan el terreno.<\/td><\/tr><tr class=''><td class=''>Sanitizaci\u00f3n (interna y externa)<\/td><td class=''>$8.000<\/td><td class=''>Sujeto a evaluaci\u00f3n previa, el valor puede cambiar seg\u00fan el terreno.<\/td><\/tr><\/tbody><\/table><\/div><style type='text\/css'>.avia-table-1 td:nth-of-type(1):before { content: 'Control'; } .avia-table-1 td:nth-of-type(2):before { content: 'Precio'; } .avia-table-1 td:nth-of-type(3):before { content: 'Detalle'; } <\/style><\/p><\/div>\n\n<style type=\"text\/css\" data-created_by=\"avia_inline_auto\" id=\"style-css-av-37wjo2-5304edf1465b28e4d994a2321f17cdf9\">\n.flex_column.av-37wjo2-5304edf1465b28e4d994a2321f17cdf9{\npadding:30px 30px 30px 30px;\n}\n<\/style>\n<div class='flex_column av-37wjo2-5304edf1465b28e4d994a2321f17cdf9 av_one_half  avia-builder-el-8  el_after_av_one_half  avia-builder-el-last  sombra flex_column_div '   ><p><section  class='av_textblock_section av-bp2fe-918337d01a7b46079a26909d933ba978'  itemscope=\"itemscope\" itemtype=\"https:\/\/schema.org\/CreativeWork\" ><div class='avia_textblock'  itemprop=\"text\" ><p><strong>Debes saber que:<\/strong> para este tipo de servicios, ser\u00e1 el contribuyente quien deber\u00e1 costear sus tubos de PVC para la aplicaci\u00f3n de los productos. Para ello, se indicar\u00e1n medidas y cantidades necesarias al momento de la evaluaci\u00f3n de su caso.<\/p>\n<\/div><\/section><br \/>\n<section  class='av_textblock_section av-mk23qpod-8330734c89abe3cfc81fce1fe1ebb059'  itemscope=\"itemscope\" itemtype=\"https:\/\/schema.org\/CreativeWork\" ><div class='avia_textblock'  itemprop=\"text\" ><p>Tambi\u00e9n los\u00a0 vecinos pueden hacer el tr\u00e1mite presencial en Av. Oriental #6958 o en San Luis #5897.<\/p>\n<\/div><\/section><\/p><\/div>\n","protected":false},"excerpt":{"rendered":"","protected":false},"author":1,"featured_media":0,"parent":0,"menu_order":0,"comment_status":"closed","ping_status":"closed","template":"","meta":{"footnotes":""},"class_list":["post-322","page","type-page","status-publish","hentry"],"_links":{"self":[{"href":"https:\/\/penalolen.dev-gdm.cl\/mascotas\/wp-json\/wp\/v2\/pages\/322","targetHints":{"allow":["GET"]}}],"collection":[{"href":"https:\/\/penalolen.dev-gdm.cl\/mascotas\/wp-json\/wp\/v2\/pages"}],"about":[{"href":"https:\/\/penalolen.dev-gdm.cl\/mascotas\/wp-json\/wp\/v2\/types\/page"}],"author":[{"embeddable":true,"href":"https:\/\/penalolen.dev-gdm.cl\/mascotas\/wp-json\/wp\/v2\/users\/1"}],"replies":[{"embeddable":true,"href":"https:\/\/penalolen.dev-gdm.cl\/mascotas\/wp-json\/wp\/v2\/comments?post=322"}],"version-history":[{"count":6,"href":"https:\/\/penalolen.dev-gdm.cl\/mascotas\/wp-json\/wp\/v2\/pages\/322\/revisions"}],"predecessor-version":[{"id":395,"href":"https:\/\/penalolen.dev-gdm.cl\/mascotas\/wp-json\/wp\/v2\/pages\/322\/revisions\/395"}],"wp:attachment":[{"href":"https:\/\/penalolen.dev-gdm.cl\/mascotas\/wp-json\/wp\/v2\/media?parent=322"}],"curies":[{"name":"wp","href":"https:\/\/api.w.org\/{rel}","templated":true}]}}