{"id":318,"date":"2025-12-12T18:33:02","date_gmt":"2025-12-12T18:33:02","guid":{"rendered":"https:\/\/penalolen.dev-gdm.cl\/mascotas\/?page_id=318"},"modified":"2026-01-07T12:43:40","modified_gmt":"2026-01-07T12:43:40","slug":"veterinario-en-tu-barrio","status":"publish","type":"page","link":"https:\/\/penalolen.dev-gdm.cl\/mascotas\/veterinario-en-tu-barrio\/","title":{"rendered":"Veterinario en tu barrio"},"content":{"rendered":"\n<style type=\"text\/css\" data-created_by=\"avia_inline_auto\" id=\"style-css-av-v7aim-71ef4a22d4c9d4b565b49e996b6921b1\">\n.flex_column.av-v7aim-71ef4a22d4c9d4b565b49e996b6921b1{\npadding:30px 30px 30px 30px;\n}\n<\/style>\n<div class='flex_column av-v7aim-71ef4a22d4c9d4b565b49e996b6921b1 av_one_full  avia-builder-el-0  el_before_av_hr  avia-builder-el-first  first flex_column_div '   ><style type=\"text\/css\" data-created_by=\"avia_inline_auto\" id=\"style-css-av-mj37d4sl-96ac4acccefb2d639eb9e4e807219103\">\n#top .av-special-heading.av-mj37d4sl-96ac4acccefb2d639eb9e4e807219103{\npadding-bottom:10px;\n}\nbody .av-special-heading.av-mj37d4sl-96ac4acccefb2d639eb9e4e807219103 .av-special-heading-tag .heading-char{\nfont-size:25px;\n}\n.av-special-heading.av-mj37d4sl-96ac4acccefb2d639eb9e4e807219103 .av-subheading{\nfont-size:15px;\n}\n<\/style>\n<div  class='av-special-heading av-mj37d4sl-96ac4acccefb2d639eb9e4e807219103 av-special-heading-h1 blockquote elegant-quote elegant-centered  avia-builder-el-1  avia-builder-el-no-sibling '><h1 class='av-special-heading-tag'  itemprop=\"headline\"  ><span class=\"heading-wrap\">Veterinario en tu barrio<\/span><\/h1><div class=\"special-heading-border\"><div class=\"special-heading-inner-border\"><\/div><\/div><\/div><\/div>\n\n<style type=\"text\/css\" data-created_by=\"avia_inline_auto\" id=\"style-css-av-etofq-89a7209bf93bc60f2fb108d2649d71af\">\n#top .hr.hr-invisible.av-etofq-89a7209bf93bc60f2fb108d2649d71af{\nheight:50px;\n}\n<\/style>\n<div  class='hr av-etofq-89a7209bf93bc60f2fb108d2649d71af hr-invisible  avia-builder-el-2  el_after_av_one_full  el_before_av_one_half '><span class='hr-inner '><span class=\"hr-inner-style\"><\/span><\/span><\/div>\n\n<style type=\"text\/css\" data-created_by=\"avia_inline_auto\" id=\"style-css-av-tiqu-7eb22a7446a0c0addf1994de36b80ab3\">\n.flex_column.av-tiqu-7eb22a7446a0c0addf1994de36b80ab3{\npadding:30px 30px 30px 30px;\n}\n<\/style>\n<div class='flex_column av-tiqu-7eb22a7446a0c0addf1994de36b80ab3 av_one_half  avia-builder-el-3  el_after_av_hr  el_before_av_one_half  sombra first flex_column_div '   ><p>\n<style type=\"text\/css\" data-created_by=\"avia_inline_auto\" id=\"style-css-av-2g532-b202df6a1f6d3d96a9049e8318d53478\">\n#top .av-special-heading.av-2g532-b202df6a1f6d3d96a9049e8318d53478{\npadding-bottom:10px;\n}\nbody .av-special-heading.av-2g532-b202df6a1f6d3d96a9049e8318d53478 .av-special-heading-tag .heading-char{\nfont-size:25px;\n}\n.av-special-heading.av-2g532-b202df6a1f6d3d96a9049e8318d53478 .av-subheading{\nfont-size:15px;\n}\n<\/style>\n<div  class='av-special-heading av-2g532-b202df6a1f6d3d96a9049e8318d53478 av-special-heading-h3 blockquote elegant-quote elegant-centered  avia-builder-el-4  el_before_av_textblock  avia-builder-el-first '><h3 class='av-special-heading-tag'  itemprop=\"headline\"  ><span class=\"heading-wrap\">Veterinario en tu barrio<\/span><\/h3><div class=\"special-heading-border\"><div class=\"special-heading-inner-border\"><\/div><\/div><\/div><br \/>\n<section  class='av_textblock_section av-mj37dlhw-6d7f16f65620432efdf288c922ae1c67'  itemscope=\"itemscope\" itemtype=\"https:\/\/schema.org\/CreativeWork\" ><div class='avia_textblock'  itemprop=\"text\" ><p>\u00a1Revisa el calendario del <strong>Veterinario M\u00f3vil de septiembre<\/strong>! Organiza tu visita y acude al punto m\u00e1s cercano para ti. Recuerda que cuidar a tus mascotas es tambi\u00e9n una forma de prevenir enfermedades.<\/p>\n<p><strong>Servicios disponibles: consulta, vacunaci\u00f3n y desparasitaci\u00f3n. <\/strong><\/p>\n<\/div><\/section><br \/>\n\n<style type=\"text\/css\" data-created_by=\"avia_inline_auto\" id=\"style-css-av-jp8ni-42ae2948909448e19711ce9c2ecad654\">\n.avia-image-container.av-jp8ni-42ae2948909448e19711ce9c2ecad654 .av-image-caption-overlay-center{\ncolor:#ffffff;\n}\n<\/style>\n<div  class='avia-image-container av-jp8ni-42ae2948909448e19711ce9c2ecad654 av-styling- avia-align-center  avia-builder-el-6  el_after_av_textblock  avia-builder-el-last '  itemprop=\"image\" itemscope=\"itemscope\" itemtype=\"https:\/\/schema.org\/ImageObject\" ><div class=\"avia-image-container-inner\"><div class=\"avia-image-overlay-wrap\"><img decoding=\"async\" class='wp-image-392 avia-img-lazy-loading-not-392 avia_image' src=\"https:\/\/penalolen.dev-gdm.cl\/mascotas\/wp-content\/uploads\/2026\/01\/Calendario.png\" alt='' title='Calendario'  height=\"918\" width=\"734\"  itemprop=\"thumbnailUrl\" srcset=\"https:\/\/penalolen.dev-gdm.cl\/mascotas\/wp-content\/uploads\/2026\/01\/Calendario.png 734w, https:\/\/penalolen.dev-gdm.cl\/mascotas\/wp-content\/uploads\/2026\/01\/Calendario-240x300.png 240w, https:\/\/penalolen.dev-gdm.cl\/mascotas\/wp-content\/uploads\/2026\/01\/Calendario-564x705.png 564w\" sizes=\"(max-width: 734px) 100vw, 734px\" \/><\/div><\/div><\/div><\/p><\/div>\n<style type=\"text\/css\" data-created_by=\"avia_inline_auto\" id=\"style-css-av-cqsg6-6b380fb3f6102deb9b4be63197084a71\">\n.flex_column.av-cqsg6-6b380fb3f6102deb9b4be63197084a71{\npadding:30px 30px 30px 30px;\n}\n<\/style>\n<div class='flex_column av-cqsg6-6b380fb3f6102deb9b4be63197084a71 av_one_half  avia-builder-el-7  el_after_av_one_half  avia-builder-el-last  sombra flex_column_div '   ><p><div id='avia-messagebox-' class='avia_message_box av_notification av-as4gu-7bc3246ea79163f414095da487cdd207 avia-color-red avia-size-large avia-icon_select-yes avia-border-  avia-builder-el-8  el_before_av_textblock  avia-builder-el-first ' ><span class='avia_message_box_title' >IMPORTANTE<\/span><div class=\"avia_message_box_content\"><span class='avia_message_box_icon' aria-hidden='true' data-av_icon='\ue81f' data-av_iconfont='entypo-fontello'><\/span><p>Para optar a los descuentos pertinentes, debes presentar tu Registro Social de Hogares (RSH).<\/p>\n<\/div><\/div><br \/>\n<section  class='av_textblock_section av-8no5i-9d6a7e58b54d5e74fa4e249573fbc128'  itemscope=\"itemscope\" itemtype=\"https:\/\/schema.org\/CreativeWork\" ><div class='avia_textblock'  itemprop=\"text\" ><p><strong>Considera: <\/strong><\/p>\n<ul>\n<li>El horario de atenci\u00f3n es de 09:30 a 13:00 horas. Se repartir\u00e1n n\u00fameros por \u00f3rden de llegada.<\/li>\n<li>Se entregar\u00e1 un n\u00famero por mascota, con un m\u00e1ximo de tres atenciones por domicilio en una jornada.<\/li>\n<li>Los gatos deben venir en caniles y los perros con sus respectivas correas.<\/li>\n<li>En caso de las vacunas y desparasitaci\u00f3n, el pago debe realizarse en efectivo.<\/li>\n<\/ul>\n<\/div><\/section><\/p><\/div><\/p>\n","protected":false},"excerpt":{"rendered":"","protected":false},"author":1,"featured_media":0,"parent":0,"menu_order":0,"comment_status":"closed","ping_status":"closed","template":"","meta":{"footnotes":""},"class_list":["post-318","page","type-page","status-publish","hentry"],"_links":{"self":[{"href":"https:\/\/penalolen.dev-gdm.cl\/mascotas\/wp-json\/wp\/v2\/pages\/318","targetHints":{"allow":["GET"]}}],"collection":[{"href":"https:\/\/penalolen.dev-gdm.cl\/mascotas\/wp-json\/wp\/v2\/pages"}],"about":[{"href":"https:\/\/penalolen.dev-gdm.cl\/mascotas\/wp-json\/wp\/v2\/types\/page"}],"author":[{"embeddable":true,"href":"https:\/\/penalolen.dev-gdm.cl\/mascotas\/wp-json\/wp\/v2\/users\/1"}],"replies":[{"embeddable":true,"href":"https:\/\/penalolen.dev-gdm.cl\/mascotas\/wp-json\/wp\/v2\/comments?post=318"}],"version-history":[{"count":6,"href":"https:\/\/penalolen.dev-gdm.cl\/mascotas\/wp-json\/wp\/v2\/pages\/318\/revisions"}],"predecessor-version":[{"id":394,"href":"https:\/\/penalolen.dev-gdm.cl\/mascotas\/wp-json\/wp\/v2\/pages\/318\/revisions\/394"}],"wp:attachment":[{"href":"https:\/\/penalolen.dev-gdm.cl\/mascotas\/wp-json\/wp\/v2\/media?parent=318"}],"curies":[{"name":"wp","href":"https:\/\/api.w.org\/{rel}","templated":true}]}}