{"id":310,"date":"2025-12-12T18:06:59","date_gmt":"2025-12-12T18:06:59","guid":{"rendered":"https:\/\/penalolen.dev-gdm.cl\/mascotas\/?page_id=310"},"modified":"2026-01-06T04:38:34","modified_gmt":"2026-01-06T04:38:34","slug":"esterilizacion","status":"publish","type":"page","link":"https:\/\/penalolen.dev-gdm.cl\/mascotas\/esterilizacion\/","title":{"rendered":"Esterilizaci\u00f3n"},"content":{"rendered":"\n<style type=\"text\/css\" data-created_by=\"avia_inline_auto\" id=\"style-css-av-mj6nj2wg-382fb51524f52dfd5ee469297953bae0\">\n.flex_column.av-mj6nj2wg-382fb51524f52dfd5ee469297953bae0{\npadding:30px 30px 30px 30px;\n}\n<\/style>\n<div class='flex_column av-mj6nj2wg-382fb51524f52dfd5ee469297953bae0 av_one_full  avia-builder-el-0  el_before_av_hr  avia-builder-el-first  first flex_column_div '   ><style type=\"text\/css\" data-created_by=\"avia_inline_auto\" id=\"style-css-av-mj36hfxe-a9c20de4a42e06b8255121cbebcdeafb\">\n#top .av-special-heading.av-mj36hfxe-a9c20de4a42e06b8255121cbebcdeafb{\npadding-bottom:10px;\n}\nbody .av-special-heading.av-mj36hfxe-a9c20de4a42e06b8255121cbebcdeafb .av-special-heading-tag .heading-char{\nfont-size:25px;\n}\n.av-special-heading.av-mj36hfxe-a9c20de4a42e06b8255121cbebcdeafb .av-subheading{\nfont-size:15px;\n}\n<\/style>\n<div  class='av-special-heading av-mj36hfxe-a9c20de4a42e06b8255121cbebcdeafb av-special-heading-h1 blockquote elegant-quote elegant-centered  avia-builder-el-1  avia-builder-el-no-sibling '><h1 class='av-special-heading-tag'  itemprop=\"headline\"  ><span class=\"heading-wrap\">Esterilizaci\u00f3n<\/span><\/h1><div class=\"special-heading-border\"><div class=\"special-heading-inner-border\"><\/div><\/div><\/div><\/div>\n\n<style type=\"text\/css\" data-created_by=\"avia_inline_auto\" id=\"style-css-av-d88j2-77d37bb7f3df9218cfea60d171154ed2\">\n#top .hr.hr-invisible.av-d88j2-77d37bb7f3df9218cfea60d171154ed2{\nheight:50px;\n}\n<\/style>\n<div  class='hr av-d88j2-77d37bb7f3df9218cfea60d171154ed2 hr-invisible  avia-builder-el-2  el_after_av_one_full  el_before_av_one_half '><span class='hr-inner '><span class=\"hr-inner-style\"><\/span><\/span><\/div>\n\n<style type=\"text\/css\" data-created_by=\"avia_inline_auto\" id=\"style-css-av-7bgt2-bc6d8af651eb98dc5b1aef79ac55bd80\">\n.flex_column.av-7bgt2-bc6d8af651eb98dc5b1aef79ac55bd80{\npadding:30px 30px 30px 30px;\n}\n<\/style>\n<div class='flex_column av-7bgt2-bc6d8af651eb98dc5b1aef79ac55bd80 av_one_half  avia-builder-el-3  el_after_av_hr  el_before_av_one_half  sombra first flex_column_div '   ><p>\n<style type=\"text\/css\" data-created_by=\"avia_inline_auto\" id=\"style-css-av-joejy-8445b7a56f53d3dd8ab0004d9ac6b7a1\">\n#top .av-special-heading.av-joejy-8445b7a56f53d3dd8ab0004d9ac6b7a1{\npadding-bottom:10px;\n}\nbody .av-special-heading.av-joejy-8445b7a56f53d3dd8ab0004d9ac6b7a1 .av-special-heading-tag .heading-char{\nfont-size:25px;\n}\n.av-special-heading.av-joejy-8445b7a56f53d3dd8ab0004d9ac6b7a1 .av-subheading{\nfont-size:15px;\n}\n<\/style>\n<div  class='av-special-heading av-joejy-8445b7a56f53d3dd8ab0004d9ac6b7a1 av-special-heading-h3 blockquote elegant-quote elegant-centered  avia-builder-el-4  el_before_av_textblock  avia-builder-el-first '><h3 class='av-special-heading-tag'  itemprop=\"headline\"  ><span class=\"heading-wrap\">Esterilizaci\u00f3n<\/span><\/h3><div class=\"special-heading-border\"><div class=\"special-heading-inner-border\"><\/div><\/div><\/div><br \/>\n<section  class='av_textblock_section av-mj36i3iw-66d548f694b01e33724a5a9b0727a378'  itemscope=\"itemscope\" itemtype=\"https:\/\/schema.org\/CreativeWork\" ><div class='avia_textblock'  itemprop=\"text\" ><p>Para poder acceder a este servicio, solicita una <strong>hora para esterilizaci\u00f3n felina o canina<\/strong>,\u00a0 luego deber\u00e1s asistir a uno de los dos Centro de Atenci\u00f3n Veterinaria municipal indicado, donde se llevar\u00e1 a cabo todo el procedimiento veterinario.<\/p>\n<p><strong>Debes saber que:<\/strong> cada jueves, a partir de las 09:00 horas, se abrir\u00e1 la agenda de atenciones para la semana siguiente. <strong>Si el jueves es feriado, la agenda se abrir\u00e1 el mi\u00e9rcoles anterior.<\/strong><\/p>\n<\/div><\/section><br \/>\n<div  class='avia-button-wrap avia-button-left  avia-builder-el-6  el_after_av_textblock  avia-builder-el-last ' >\n<style type=\"text\/css\" data-created_by=\"avia_inline_auto\" id=\"style-css-av-mj6nkq05-3200e51c99839e5d43d0ce247970ae44\">\n#top #wrap_all .avia-button.av-mj6nkq05-3200e51c99839e5d43d0ce247970ae44{\nbackground-color:#343b65;\nborder-color:#343b65;\ntransition:all 0.4s ease-in-out;\n-webkit-transition:all 0.4s ease-in-out;\n-moz-transition:all 0.4s ease-in-out;\n-ms-transition:all 0.4s ease-in-out;\n-o-transition:all 0.4s ease-in-out;\n}\n#top #wrap_all .avia-button.av-mj6nkq05-3200e51c99839e5d43d0ce247970ae44:hover{\ncolor:white;\ntransition:all 0.4s ease-in-out;\n-webkit-transition:all 0.4s ease-in-out;\n-moz-transition:all 0.4s ease-in-out;\n-ms-transition:all 0.4s ease-in-out;\n-o-transition:all 0.4s ease-in-out;\n}\n<\/style>\n<a href='https:\/\/agendatuhora.penalolen.cl\/mascotas\/agenda-esterilizacion' class='avia-button av-mj6nkq05-3200e51c99839e5d43d0ce247970ae44 avia-icon_select-no avia-size-medium avia-position-left avia-font-color-theme-color' target=\"_blank\" rel=\"noopener noreferrer\"><span class='avia_iconbox_title' >Reserva tu hora para esterilizaci\u00f3n aqu\u00ed<\/span><span class='avia_button_background avia-button avia-color-theme-color-highlight' ><\/span><\/a><\/div><\/p><\/div>\n\n<style type=\"text\/css\" data-created_by=\"avia_inline_auto\" id=\"style-css-av-ck0m6-ee13e2735e7710ac61a2ce2013dd803f\">\n.flex_column.av-ck0m6-ee13e2735e7710ac61a2ce2013dd803f{\npadding:30px 30px 30px 30px;\n}\n<\/style>\n<div class='flex_column av-ck0m6-ee13e2735e7710ac61a2ce2013dd803f av_one_half  avia-builder-el-7  el_after_av_one_half  avia-builder-el-last  sombra flex_column_div '   ><p><div id='avia-messagebox-' class='avia_message_box av_notification av-bnadi-22e6b2da89079eb1ede118f5c6455f51 avia-color-red avia-size-large avia-icon_select-yes avia-border-  avia-builder-el-8  el_before_av_textblock  avia-builder-el-first ' ><span class='avia_message_box_title' >IMPORTANTE<\/span><div class=\"avia_message_box_content\"><span class='avia_message_box_icon' aria-hidden='true' data-av_icon='\ue81f' data-av_iconfont='entypo-fontello'><\/span><p>Para optar a los descuentos pertinentes, debes presentar tu Registro Social de Hogares (RSH).<\/p>\n<\/div><\/div><br \/>\n<section  class='av_textblock_section av-8gqx2-09ff21ed1f5e6f85823c8fd271fd327f'  itemscope=\"itemscope\" itemtype=\"https:\/\/schema.org\/CreativeWork\" ><div class='avia_textblock'  itemprop=\"text\" ><p><strong>Requisitos:<\/strong><\/p>\n<ul>\n<li>Si no puede asistir a la cita agendada, deber\u00e1 anular su hora 24 horas antes de la cita, mediante el enlace enviado a su correo, de lo contrario no podr\u00e1 solicitar hora nuevamente durante 1 mes.<\/li>\n<li>Se recuerda que la hora es para realizar el TR\u00c1MITE DE ESTERILIZACI\u00d3N. Se deber\u00e1n presentar los requisitos y firmar documentos para cirug\u00eda.<\/li>\n<li>No es necesario asistir con su mascota para realizar este tr\u00e1mite.<\/li>\n<li>Requisitos para esterilizaci\u00f3n:<\/li>\n<li>C\u00e9dula de identidad<\/li>\n<li>Ser mayor de 18 a\u00f1os<\/li>\n<li>Comprobante de domicilio (independiente de la comuna)<\/li>\n<li>Si el documento no es de quien inscribe, deber\u00e1 presentar:<\/li>\n<li>Fotocopia C.I. titular o Certificado de residencia. *Este requisito busca acreditar el lugar donde habita la mascota.<\/li>\n<li>Se podr\u00e1n solicitar hasta 3 esterilizaciones al mes por familia.<\/li>\n<li>Se exige puntualidad. Si no se presenta a la hora solicitada, esta se perder\u00e1.<\/li>\n<li>Traer comprobante de domicilio.<\/li>\n<\/ul>\n<\/div><\/section><\/p><\/div>\n","protected":false},"excerpt":{"rendered":"","protected":false},"author":1,"featured_media":0,"parent":0,"menu_order":0,"comment_status":"closed","ping_status":"closed","template":"","meta":{"footnotes":""},"class_list":["post-310","page","type-page","status-publish","hentry"],"_links":{"self":[{"href":"https:\/\/penalolen.dev-gdm.cl\/mascotas\/wp-json\/wp\/v2\/pages\/310","targetHints":{"allow":["GET"]}}],"collection":[{"href":"https:\/\/penalolen.dev-gdm.cl\/mascotas\/wp-json\/wp\/v2\/pages"}],"about":[{"href":"https:\/\/penalolen.dev-gdm.cl\/mascotas\/wp-json\/wp\/v2\/types\/page"}],"author":[{"embeddable":true,"href":"https:\/\/penalolen.dev-gdm.cl\/mascotas\/wp-json\/wp\/v2\/users\/1"}],"replies":[{"embeddable":true,"href":"https:\/\/penalolen.dev-gdm.cl\/mascotas\/wp-json\/wp\/v2\/comments?post=310"}],"version-history":[{"count":7,"href":"https:\/\/penalolen.dev-gdm.cl\/mascotas\/wp-json\/wp\/v2\/pages\/310\/revisions"}],"predecessor-version":[{"id":383,"href":"https:\/\/penalolen.dev-gdm.cl\/mascotas\/wp-json\/wp\/v2\/pages\/310\/revisions\/383"}],"wp:attachment":[{"href":"https:\/\/penalolen.dev-gdm.cl\/mascotas\/wp-json\/wp\/v2\/media?parent=310"}],"curies":[{"name":"wp","href":"https:\/\/api.w.org\/{rel}","templated":true}]}}