{"id":303,"date":"2025-12-12T17:43:23","date_gmt":"2025-12-12T17:43:23","guid":{"rendered":"https:\/\/penalolen.dev-gdm.cl\/mascotas\/?page_id=303"},"modified":"2026-01-06T04:36:56","modified_gmt":"2026-01-06T04:36:56","slug":"atencion-veterinaria","status":"publish","type":"page","link":"https:\/\/penalolen.dev-gdm.cl\/mascotas\/atencion-veterinaria\/","title":{"rendered":"Atenci\u00f3n veterinaria"},"content":{"rendered":"\n<style type=\"text\/css\" data-created_by=\"avia_inline_auto\" id=\"style-css-av-9m2kf-79085b3c4035707b8d7086a07694a013\">\n#top .hr.hr-invisible.av-9m2kf-79085b3c4035707b8d7086a07694a013{\nheight:50px;\n}\n<\/style>\n<div  class='hr av-9m2kf-79085b3c4035707b8d7086a07694a013 hr-invisible  avia-builder-el-0  el_before_av_one_full  avia-builder-el-first '><span class='hr-inner '><span class=\"hr-inner-style\"><\/span><\/span><\/div>\n\n<style type=\"text\/css\" data-created_by=\"avia_inline_auto\" id=\"style-css-av-bwkh3-ccbe469276f14e0dd6380a2c35941862\">\n.flex_column.av-bwkh3-ccbe469276f14e0dd6380a2c35941862{\npadding:30px 30px 30px 30px;\n}\n<\/style>\n<div class='flex_column av-bwkh3-ccbe469276f14e0dd6380a2c35941862 av_one_full  avia-builder-el-1  el_after_av_hr  el_before_av_one_half  first flex_column_div '   ><style type=\"text\/css\" data-created_by=\"avia_inline_auto\" id=\"style-css-av-mj35qww8-523656084799b9e84255f6f3c4402efd\">\n#top .av-special-heading.av-mj35qww8-523656084799b9e84255f6f3c4402efd{\npadding-bottom:10px;\n}\nbody .av-special-heading.av-mj35qww8-523656084799b9e84255f6f3c4402efd .av-special-heading-tag .heading-char{\nfont-size:25px;\n}\n.av-special-heading.av-mj35qww8-523656084799b9e84255f6f3c4402efd .av-subheading{\nfont-size:15px;\n}\n<\/style>\n<div  class='av-special-heading av-mj35qww8-523656084799b9e84255f6f3c4402efd av-special-heading-h1 blockquote elegant-quote elegant-centered  avia-builder-el-2  avia-builder-el-no-sibling '><h1 class='av-special-heading-tag'  itemprop=\"headline\"  ><span class=\"heading-wrap\">Atenci\u00f3n veterinaria<\/span><\/h1><div class=\"special-heading-border\"><div class=\"special-heading-inner-border\"><\/div><\/div><\/div><\/div>\n\n<style type=\"text\/css\" data-created_by=\"avia_inline_auto\" id=\"style-css-av-mh5v3-801d2667070301e555b30f213ee14cf9\">\n.flex_column.av-mh5v3-801d2667070301e555b30f213ee14cf9{\npadding:30px 30px 30px 30px;\n}\n<\/style>\n<div class='flex_column av-mh5v3-801d2667070301e555b30f213ee14cf9 av_one_half  avia-builder-el-3  el_after_av_one_full  el_before_av_one_half  sombra first flex_column_div column-top-margin'   ><p><section  class='av_textblock_section av-d4dmv-8e81ace2a630f56ea0d1ff9fc1f72f23'  itemscope=\"itemscope\" itemtype=\"https:\/\/schema.org\/CreativeWork\" ><div class='avia_textblock'  itemprop=\"text\" ><p>Solicita una<strong> hora de atenci\u00f3n<\/strong> y lleva a tu mascota al Centro Atenci\u00f3n Veterinaria municipal que m\u00e1s te acomode. Actualmente contamos con dos: Av. Oriental # 6958 o San Luis #5897.<\/p>\n<p><strong>Debes saber que:<\/strong> cada viernes, a partir de las 09:00 horas, se abrir\u00e1 la agenda de atenciones para la semana siguiente.<strong>Si el viernes es feriado, la agenda se abrir\u00e1 el jueves anterior<\/strong><\/p>\n<\/div><\/section><br \/>\n<div  class='avia-button-wrap avia-button-left  avia-builder-el-5  el_after_av_textblock  avia-builder-el-last ' >\n<style type=\"text\/css\" data-created_by=\"avia_inline_auto\" id=\"style-css-av-ahxxz-f862b4cacb083891ef21ba1e36e3e492\">\n#top #wrap_all .avia-button.av-ahxxz-f862b4cacb083891ef21ba1e36e3e492{\nbackground-color:#343b65;\nborder-color:#343b65;\ntransition:all 0.4s ease-in-out;\n-webkit-transition:all 0.4s ease-in-out;\n-moz-transition:all 0.4s ease-in-out;\n-ms-transition:all 0.4s ease-in-out;\n-o-transition:all 0.4s ease-in-out;\n}\n#top #wrap_all .avia-button.av-ahxxz-f862b4cacb083891ef21ba1e36e3e492:hover{\ncolor:white;\ntransition:all 0.4s ease-in-out;\n-webkit-transition:all 0.4s ease-in-out;\n-moz-transition:all 0.4s ease-in-out;\n-ms-transition:all 0.4s ease-in-out;\n-o-transition:all 0.4s ease-in-out;\n}\n<\/style>\n<a href='https:\/\/agendatuhora.penalolen.cl\/mascotas\/agenda-veterinaria' class='avia-button av-ahxxz-f862b4cacb083891ef21ba1e36e3e492 avia-icon_select-no avia-size-medium avia-position-left avia-font-color-theme-color' target=\"_blank\" rel=\"noopener noreferrer\"><span class='avia_iconbox_title' >Reserva tu hora de atenci\u00f3n aqu\u00ed<\/span><span class='avia_button_background avia-button avia-color-theme-color-highlight' ><\/span><\/a><\/div><\/p><\/div>\n\n<style type=\"text\/css\" data-created_by=\"avia_inline_auto\" id=\"style-css-av-htc73-56b5d576d3d47a6c192371b246c2bcae\">\n.flex_column.av-htc73-56b5d576d3d47a6c192371b246c2bcae{\npadding:30px 30px 30px 30px;\n}\n<\/style>\n<div class='flex_column av-htc73-56b5d576d3d47a6c192371b246c2bcae av_one_half  avia-builder-el-6  el_after_av_one_half  avia-builder-el-last  sombra flex_column_div column-top-margin'   ><p><div id='avia-messagebox-' class='avia_message_box av_notification av-mk23kw81-91b29b4b573db523d6524a2ddf92e567 avia-color-red avia-size-large avia-icon_select-yes avia-border-  avia-builder-el-7  el_before_av_textblock  avia-builder-el-first ' ><span class='avia_message_box_title' >IMPORTANTE<\/span><div class=\"avia_message_box_content\"><span class='avia_message_box_icon' aria-hidden='true' data-av_icon='\ue81f' data-av_iconfont='entypo-fontello'><\/span><p>Para optar a los descuentos pertinentes, debes presentar tu Registro Social de Hogares (RSH).<\/p>\n<\/div><\/div><br \/>\n<section  class='av_textblock_section av-8mfdz-6eced7222060805385f388ed3d32c1f9'  itemscope=\"itemscope\" itemtype=\"https:\/\/schema.org\/CreativeWork\" ><div class='avia_textblock'  itemprop=\"text\" ><p><strong>Requisitos:<\/strong><\/p>\n<ul>\n<li>Si no puede asistir a la cita agendada, deber\u00e1 anular su hora mediante el enlace enviado a su correo, de lo contrario no podr\u00e1 solicitar hora para atenci\u00f3n veterinaria durante 1 mes. Para anular la hora debe ser antes de las 24 horas de la hora agendada.<\/li>\n<li>La hora que usted solicita es para UN paciente. Si posee m\u00e1s animales debe pedir una hora para cada mascota.<\/li>\n<li>Se exige puntualidad. Si no se presenta a la hora solicitada esta se perder\u00e1.<\/li>\n<li>Debe presentar su carnet de identidad al momento de la atenci\u00f3n (solo mayores de edad).<\/li>\n<li>Se puede solicitar un m\u00e1ximo de tres horas a la semana.<\/li>\n<li>Gatos deben asistir en jaula de transporte.<\/li>\n<li>Perros deben asistir con correa y collar.<\/li>\n<li>Se informa que solo tenemos pago en efectivo, por favor traer sencillo suficiente.<\/li>\n<\/ul>\n<\/div><\/section><\/p><\/div>\n","protected":false},"excerpt":{"rendered":"","protected":false},"author":1,"featured_media":0,"parent":0,"menu_order":0,"comment_status":"closed","ping_status":"closed","template":"","meta":{"footnotes":""},"class_list":["post-303","page","type-page","status-publish","hentry"],"_links":{"self":[{"href":"https:\/\/penalolen.dev-gdm.cl\/mascotas\/wp-json\/wp\/v2\/pages\/303","targetHints":{"allow":["GET"]}}],"collection":[{"href":"https:\/\/penalolen.dev-gdm.cl\/mascotas\/wp-json\/wp\/v2\/pages"}],"about":[{"href":"https:\/\/penalolen.dev-gdm.cl\/mascotas\/wp-json\/wp\/v2\/types\/page"}],"author":[{"embeddable":true,"href":"https:\/\/penalolen.dev-gdm.cl\/mascotas\/wp-json\/wp\/v2\/users\/1"}],"replies":[{"embeddable":true,"href":"https:\/\/penalolen.dev-gdm.cl\/mascotas\/wp-json\/wp\/v2\/comments?post=303"}],"version-history":[{"count":13,"href":"https:\/\/penalolen.dev-gdm.cl\/mascotas\/wp-json\/wp\/v2\/pages\/303\/revisions"}],"predecessor-version":[{"id":380,"href":"https:\/\/penalolen.dev-gdm.cl\/mascotas\/wp-json\/wp\/v2\/pages\/303\/revisions\/380"}],"wp:attachment":[{"href":"https:\/\/penalolen.dev-gdm.cl\/mascotas\/wp-json\/wp\/v2\/media?parent=303"}],"curies":[{"name":"wp","href":"https:\/\/api.w.org\/{rel}","templated":true}]}}