{"id":24,"date":"2022-03-24T03:57:11","date_gmt":"2022-03-24T03:57:11","guid":{"rendered":"https:\/\/penalolen.dev-gdm.cl\/mascotas\/?page_id=24"},"modified":"2022-04-05T08:55:06","modified_gmt":"2022-04-05T08:55:06","slug":"noticias","status":"publish","type":"page","link":"https:\/\/penalolen.dev-gdm.cl\/mascotas\/noticias\/","title":{"rendered":"Noticias"},"content":{"rendered":"<div  class='av-alb-blogposts template-blog  av-blog-meta-author-disabled av-blog-meta-comments-disabled av-blog-meta-category-disabled av-blog-meta-date-disabled av-blog-meta-html-info-disabled av-blog-meta-tag-disabled '  itemscope=\"itemscope\" itemtype=\"https:\/\/schema.org\/Blog\" ><article class=\"post-entry post-entry-type-standard post-entry-115 post-loop-1 post-parity-odd single-big with-slider post-115 post type-post status-publish format-standard has-post-thumbnail hentry category-noticias\"  itemscope=\"itemscope\" itemtype=\"https:\/\/schema.org\/BlogPosting\" ><div class=\"blog-meta\"><\/div><div class='entry-content-wrapper clearfix standard-content'><header class=\"entry-content-header\"><div class=\"av-heading-wrapper\"><h2 class='post-title entry-title '  itemprop=\"headline\" ><a href=\"https:\/\/penalolen.dev-gdm.cl\/mascotas\/fauna-coloniza-la-ciudad-de-santiago\/\" rel=\"bookmark\" title=\"Enlace permanente: FAUNA COLONIZA LA CIUDAD DE SANTIAGO\">FAUNA COLONIZA LA CIUDAD DE SANTIAGO<span class=\"post-format-icon minor-meta\"><\/span><\/a><\/h2><span class=\"blog-categories minor-meta\"><a href=\"https:\/\/penalolen.dev-gdm.cl\/mascotas\/category\/noticias\/\" rel=\"tag\">Noticias<\/a><\/span><\/div><\/header><span class=\"av-vertical-delimiter\"><\/span><div class=\"big-preview single-big\"  itemprop=\"image\" itemscope=\"itemscope\" itemtype=\"https:\/\/schema.org\/ImageObject\" ><a href=\"https:\/\/penalolen.dev-gdm.cl\/mascotas\/fauna-coloniza-la-ciudad-de-santiago\/\"  title=\"h6-img-12\" ><img loading=\"lazy\" decoding=\"async\" width=\"800\" height=\"423\" src=\"https:\/\/penalolen.dev-gdm.cl\/mascotas\/wp-content\/uploads\/2022\/04\/h6-img-12-800x423.jpg\" class=\"wp-image-116 avia-img-lazy-loading-116 attachment-entry_without_sidebar size-entry_without_sidebar wp-post-image\" alt=\"\" srcset=\"https:\/\/penalolen.dev-gdm.cl\/mascotas\/wp-content\/uploads\/2022\/04\/h6-img-12-800x423.jpg 800w, https:\/\/penalolen.dev-gdm.cl\/mascotas\/wp-content\/uploads\/2022\/04\/h6-img-12-710x375.jpg 710w\" sizes=\"auto, (max-width: 800px) 100vw, 800px\" \/><\/a><\/div><div class=\"entry-content\"  itemprop=\"text\" ><p>A medida que las calles y plazas de las ciudades de todo el mundo\u00a0se vac\u00edan de gente, se imponen las\u00a0cuarentenas\u00a0y se crean ambientes m\u00e1s des\u00e9rticos, limpios y silenciosos, los\u00a0animales salvajes\u00a0irrumpen y se adentran en los centros urbanos como si exploraran nuevos ecosistemas que un d\u00eda habitaron. La\u00a0crisis del\u00a0Coronavirus\u00a0cambia los ritmos de la vida ciudadana y [&hellip;]<\/p>\n<div class=\"read-more-link\"><a href=\"https:\/\/penalolen.dev-gdm.cl\/mascotas\/fauna-coloniza-la-ciudad-de-santiago\/\" class=\"more-link\">Leer m\u00e1s<span class=\"more-link-arrow\"><\/span><\/a><\/div>\n<\/div><span class=\"post-meta-infos\"><\/span><footer class=\"entry-footer\"><\/footer><div class='post_delimiter'><\/div><\/div><div class=\"post_author_timeline\"><\/div><span class='hidden'>\n\t\t\t\t<span class='av-structured-data'  itemprop=\"image\" itemscope=\"itemscope\" itemtype=\"https:\/\/schema.org\/ImageObject\" >\n\t\t\t\t\t\t<span itemprop='url'>https:\/\/penalolen.dev-gdm.cl\/mascotas\/wp-content\/uploads\/2022\/04\/h6-img-12.jpg<\/span>\n\t\t\t\t\t\t<span itemprop='height'>504<\/span>\n\t\t\t\t\t\t<span itemprop='width'>800<\/span>\n\t\t\t\t<\/span>\n\t\t\t\t<span class='av-structured-data'  itemprop=\"publisher\" itemtype=\"https:\/\/schema.org\/Organization\" itemscope=\"itemscope\" >\n\t\t\t\t\t\t<span itemprop='name'>gdm<\/span>\n\t\t\t\t\t\t<span itemprop='logo' itemscope itemtype='https:\/\/schema.org\/ImageObject'>\n\t\t\t\t\t\t\t<span itemprop='url'>https:\/\/www.penalolen.cl\/social\/logo.png<\/span>\n\t\t\t\t\t\t <\/span>\n\t\t\t\t<\/span><span class='av-structured-data'  itemprop=\"author\" itemscope=\"itemscope\" itemtype=\"https:\/\/schema.org\/Person\" ><span itemprop='name'>gdm<\/span><\/span><span class='av-structured-data'  itemprop=\"datePublished\" datetime=\"2022-04-04T21:49:37+00:00\" >2022-04-04 21:49:37<\/span><span class='av-structured-data'  itemprop=\"dateModified\" itemtype=\"https:\/\/schema.org\/dateModified\" >2022-04-04 21:49:52<\/span><span class='av-structured-data'  itemprop=\"mainEntityOfPage\" itemtype=\"https:\/\/schema.org\/mainEntityOfPage\" ><span itemprop='name'>FAUNA COLONIZA LA CIUDAD DE SANTIAGO<\/span><\/span><\/span><\/article><article class=\"post-entry post-entry-type-standard post-entry-112 post-loop-2 post-parity-even single-big with-slider post-112 post type-post status-publish format-standard has-post-thumbnail hentry category-noticias\"  itemscope=\"itemscope\" itemtype=\"https:\/\/schema.org\/BlogPosting\" ><div class=\"blog-meta\"><\/div><div class='entry-content-wrapper clearfix standard-content'><header class=\"entry-content-header\"><div class=\"av-heading-wrapper\"><h2 class='post-title entry-title '  itemprop=\"headline\" ><a href=\"https:\/\/penalolen.dev-gdm.cl\/mascotas\/razas-potencialmente-peligrosas\/\" rel=\"bookmark\" title=\"Enlace permanente: RAZAS POTENCIALMENTE PELIGROSAS\">RAZAS POTENCIALMENTE PELIGROSAS<span class=\"post-format-icon minor-meta\"><\/span><\/a><\/h2><span class=\"blog-categories minor-meta\"><a href=\"https:\/\/penalolen.dev-gdm.cl\/mascotas\/category\/noticias\/\" rel=\"tag\">Noticias<\/a><\/span><\/div><\/header><span class=\"av-vertical-delimiter\"><\/span><div class=\"big-preview single-big\"  itemprop=\"image\" itemscope=\"itemscope\" itemtype=\"https:\/\/schema.org\/ImageObject\" ><a href=\"https:\/\/penalolen.dev-gdm.cl\/mascotas\/razas-potencialmente-peligrosas\/\"  title=\"h6-img-11\" ><img loading=\"lazy\" decoding=\"async\" width=\"800\" height=\"423\" src=\"https:\/\/penalolen.dev-gdm.cl\/mascotas\/wp-content\/uploads\/2022\/04\/h6-img-11-800x423.jpg\" class=\"wp-image-113 avia-img-lazy-loading-113 attachment-entry_without_sidebar size-entry_without_sidebar wp-post-image\" alt=\"\" srcset=\"https:\/\/penalolen.dev-gdm.cl\/mascotas\/wp-content\/uploads\/2022\/04\/h6-img-11-800x423.jpg 800w, https:\/\/penalolen.dev-gdm.cl\/mascotas\/wp-content\/uploads\/2022\/04\/h6-img-11-710x375.jpg 710w\" sizes=\"auto, (max-width: 800px) 100vw, 800px\" \/><\/a><\/div><div class=\"entry-content\"  itemprop=\"text\" ><p>Seg\u00fan el Reglamento de la Ley de Tenencia Responsable de Mascotas publicado el 17 de Agosto de 2018 el cual establece la forma y condiciones en que se aplicar\u00e1n las normas de dicha Ley, es que podemos extraer las normas que permiten calificar a ciertos espec\u00edmenes caninos como potencialmente peligrosos y su respectiva reglamentaci\u00f3n. El [&hellip;]<\/p>\n<div class=\"read-more-link\"><a href=\"https:\/\/penalolen.dev-gdm.cl\/mascotas\/razas-potencialmente-peligrosas\/\" class=\"more-link\">Leer m\u00e1s<span class=\"more-link-arrow\"><\/span><\/a><\/div>\n<\/div><span class=\"post-meta-infos\"><\/span><footer class=\"entry-footer\"><\/footer><div class='post_delimiter'><\/div><\/div><div class=\"post_author_timeline\"><\/div><span class='hidden'>\n\t\t\t\t<span class='av-structured-data'  itemprop=\"image\" itemscope=\"itemscope\" itemtype=\"https:\/\/schema.org\/ImageObject\" >\n\t\t\t\t\t\t<span itemprop='url'>https:\/\/penalolen.dev-gdm.cl\/mascotas\/wp-content\/uploads\/2022\/04\/h6-img-11.jpg<\/span>\n\t\t\t\t\t\t<span itemprop='height'>504<\/span>\n\t\t\t\t\t\t<span itemprop='width'>800<\/span>\n\t\t\t\t<\/span>\n\t\t\t\t<span class='av-structured-data'  itemprop=\"publisher\" itemtype=\"https:\/\/schema.org\/Organization\" itemscope=\"itemscope\" >\n\t\t\t\t\t\t<span itemprop='name'>gdm<\/span>\n\t\t\t\t\t\t<span itemprop='logo' itemscope itemtype='https:\/\/schema.org\/ImageObject'>\n\t\t\t\t\t\t\t<span itemprop='url'>https:\/\/www.penalolen.cl\/social\/logo.png<\/span>\n\t\t\t\t\t\t <\/span>\n\t\t\t\t<\/span><span class='av-structured-data'  itemprop=\"author\" itemscope=\"itemscope\" itemtype=\"https:\/\/schema.org\/Person\" ><span itemprop='name'>gdm<\/span><\/span><span class='av-structured-data'  itemprop=\"datePublished\" datetime=\"2022-04-04T21:38:29+00:00\" >2022-04-04 21:38:29<\/span><span class='av-structured-data'  itemprop=\"dateModified\" itemtype=\"https:\/\/schema.org\/dateModified\" >2022-04-04 21:40:14<\/span><span class='av-structured-data'  itemprop=\"mainEntityOfPage\" itemtype=\"https:\/\/schema.org\/mainEntityOfPage\" ><span itemprop='name'>RAZAS POTENCIALMENTE PELIGROSAS<\/span><\/span><\/span><\/article><article class=\"post-entry post-entry-type-standard post-entry-109 post-loop-3 post-parity-odd single-big with-slider post-109 post type-post status-publish format-standard has-post-thumbnail hentry category-noticias\"  itemscope=\"itemscope\" itemtype=\"https:\/\/schema.org\/BlogPosting\" ><div class=\"blog-meta\"><\/div><div class='entry-content-wrapper clearfix standard-content'><header class=\"entry-content-header\"><div class=\"av-heading-wrapper\"><h2 class='post-title entry-title '  itemprop=\"headline\" ><a href=\"https:\/\/penalolen.dev-gdm.cl\/mascotas\/registro-nacional-de-mascotas\/\" rel=\"bookmark\" title=\"Enlace permanente: REGISTRO NACIONAL DE MASCOTAS\">REGISTRO NACIONAL DE MASCOTAS<span class=\"post-format-icon minor-meta\"><\/span><\/a><\/h2><span class=\"blog-categories minor-meta\"><a href=\"https:\/\/penalolen.dev-gdm.cl\/mascotas\/category\/noticias\/\" rel=\"tag\">Noticias<\/a><\/span><\/div><\/header><span class=\"av-vertical-delimiter\"><\/span><div class=\"big-preview single-big\"  itemprop=\"image\" itemscope=\"itemscope\" itemtype=\"https:\/\/schema.org\/ImageObject\" ><a href=\"https:\/\/penalolen.dev-gdm.cl\/mascotas\/registro-nacional-de-mascotas\/\"  title=\"h6-img-10\" ><img loading=\"lazy\" decoding=\"async\" width=\"793\" height=\"398\" src=\"https:\/\/penalolen.dev-gdm.cl\/mascotas\/wp-content\/uploads\/2022\/04\/h6-img-10.jpg\" class=\"wp-image-110 avia-img-lazy-loading-110 attachment-entry_without_sidebar size-entry_without_sidebar wp-post-image\" alt=\"\" srcset=\"https:\/\/penalolen.dev-gdm.cl\/mascotas\/wp-content\/uploads\/2022\/04\/h6-img-10.jpg 793w, https:\/\/penalolen.dev-gdm.cl\/mascotas\/wp-content\/uploads\/2022\/04\/h6-img-10-300x151.jpg 300w, https:\/\/penalolen.dev-gdm.cl\/mascotas\/wp-content\/uploads\/2022\/04\/h6-img-10-768x385.jpg 768w, https:\/\/penalolen.dev-gdm.cl\/mascotas\/wp-content\/uploads\/2022\/04\/h6-img-10-705x354.jpg 705w\" sizes=\"auto, (max-width: 793px) 100vw, 793px\" \/><\/a><\/div><div class=\"entry-content\"  itemprop=\"text\" ><p>Dentro de los deberes y obligaciones que tienen los due\u00f1@s de una mascota, una de las m\u00e1s importantes es realizar la implantaci\u00f3n del microchip y la posterior inscripci\u00f3n en el registro nacional de mascotas. La tarea no termina en la aplicaci\u00f3n del microchip, es imperativo posteriormente registrar tu mascota en el\u00a0Registro Nacional de Mascotas, una [&hellip;]<\/p>\n<div class=\"read-more-link\"><a href=\"https:\/\/penalolen.dev-gdm.cl\/mascotas\/registro-nacional-de-mascotas\/\" class=\"more-link\">Leer m\u00e1s<span class=\"more-link-arrow\"><\/span><\/a><\/div>\n<\/div><span class=\"post-meta-infos\"><\/span><footer class=\"entry-footer\"><\/footer><div class='post_delimiter'><\/div><\/div><div class=\"post_author_timeline\"><\/div><span class='hidden'>\n\t\t\t\t<span class='av-structured-data'  itemprop=\"image\" itemscope=\"itemscope\" itemtype=\"https:\/\/schema.org\/ImageObject\" >\n\t\t\t\t\t\t<span itemprop='url'>https:\/\/penalolen.dev-gdm.cl\/mascotas\/wp-content\/uploads\/2022\/04\/h6-img-10.jpg<\/span>\n\t\t\t\t\t\t<span itemprop='height'>398<\/span>\n\t\t\t\t\t\t<span itemprop='width'>793<\/span>\n\t\t\t\t<\/span>\n\t\t\t\t<span class='av-structured-data'  itemprop=\"publisher\" itemtype=\"https:\/\/schema.org\/Organization\" itemscope=\"itemscope\" >\n\t\t\t\t\t\t<span itemprop='name'>gdm<\/span>\n\t\t\t\t\t\t<span itemprop='logo' itemscope itemtype='https:\/\/schema.org\/ImageObject'>\n\t\t\t\t\t\t\t<span itemprop='url'>https:\/\/www.penalolen.cl\/social\/logo.png<\/span>\n\t\t\t\t\t\t <\/span>\n\t\t\t\t<\/span><span class='av-structured-data'  itemprop=\"author\" itemscope=\"itemscope\" itemtype=\"https:\/\/schema.org\/Person\" ><span itemprop='name'>gdm<\/span><\/span><span class='av-structured-data'  itemprop=\"datePublished\" datetime=\"2022-04-04T21:35:55+00:00\" >2022-04-04 21:35:55<\/span><span class='av-structured-data'  itemprop=\"dateModified\" itemtype=\"https:\/\/schema.org\/dateModified\" >2022-04-04 21:35:55<\/span><span class='av-structured-data'  itemprop=\"mainEntityOfPage\" itemtype=\"https:\/\/schema.org\/mainEntityOfPage\" ><span itemprop='name'>REGISTRO NACIONAL DE MASCOTAS<\/span><\/span><\/span><\/article><article class=\"post-entry post-entry-type-standard post-entry-106 post-loop-4 post-parity-even single-big with-slider post-106 post type-post status-publish format-standard has-post-thumbnail hentry category-noticias\"  itemscope=\"itemscope\" itemtype=\"https:\/\/schema.org\/BlogPosting\" ><div class=\"blog-meta\"><\/div><div class='entry-content-wrapper clearfix standard-content'><header class=\"entry-content-header\"><div class=\"av-heading-wrapper\"><h2 class='post-title entry-title '  itemprop=\"headline\" ><a href=\"https:\/\/penalolen.dev-gdm.cl\/mascotas\/maltrato-animal-una-realidad-en-nuestro-pais\/\" rel=\"bookmark\" title=\"Enlace permanente: MALTRATO ANIMAL UNA REALIDAD EN NUESTRO PAIS\">MALTRATO ANIMAL UNA REALIDAD EN NUESTRO PAIS<span class=\"post-format-icon minor-meta\"><\/span><\/a><\/h2><span class=\"blog-categories minor-meta\"><a href=\"https:\/\/penalolen.dev-gdm.cl\/mascotas\/category\/noticias\/\" rel=\"tag\">Noticias<\/a><\/span><\/div><\/header><span class=\"av-vertical-delimiter\"><\/span><div class=\"big-preview single-big\"  itemprop=\"image\" itemscope=\"itemscope\" itemtype=\"https:\/\/schema.org\/ImageObject\" ><a href=\"https:\/\/penalolen.dev-gdm.cl\/mascotas\/maltrato-animal-una-realidad-en-nuestro-pais\/\"  title=\"maltratoanimal\" ><img loading=\"lazy\" decoding=\"async\" width=\"800\" height=\"423\" src=\"https:\/\/penalolen.dev-gdm.cl\/mascotas\/wp-content\/uploads\/2022\/04\/maltratoanimal-800x423.jpg\" class=\"wp-image-107 avia-img-lazy-loading-107 attachment-entry_without_sidebar size-entry_without_sidebar wp-post-image\" alt=\"\" srcset=\"https:\/\/penalolen.dev-gdm.cl\/mascotas\/wp-content\/uploads\/2022\/04\/maltratoanimal-800x423.jpg 800w, https:\/\/penalolen.dev-gdm.cl\/mascotas\/wp-content\/uploads\/2022\/04\/maltratoanimal-710x375.jpg 710w\" sizes=\"auto, (max-width: 800px) 100vw, 800px\" \/><\/a><\/div><div class=\"entry-content\"  itemprop=\"text\" ><p>Lamentablemente, el maltrato animal es una realidad que est\u00e1 presente en nuestro d\u00eda a d\u00eda y se debe denunciar. \u00bfSabes que es el maltrato animal? El maltrato animal, es toda acci\u00f3n u omisi\u00f3n, ocasional o reiterada, que causa da\u00f1o, dolor o sufrimiento a un animal.\u00a0Existen dos formas de maltrato: por acci\u00f3n:\u00a0acciones que provocan da\u00f1o o [&hellip;]<\/p>\n<div class=\"read-more-link\"><a href=\"https:\/\/penalolen.dev-gdm.cl\/mascotas\/maltrato-animal-una-realidad-en-nuestro-pais\/\" class=\"more-link\">Leer m\u00e1s<span class=\"more-link-arrow\"><\/span><\/a><\/div>\n<\/div><span class=\"post-meta-infos\"><\/span><footer class=\"entry-footer\"><\/footer><div class='post_delimiter'><\/div><\/div><div class=\"post_author_timeline\"><\/div><span class='hidden'>\n\t\t\t\t<span class='av-structured-data'  itemprop=\"image\" itemscope=\"itemscope\" itemtype=\"https:\/\/schema.org\/ImageObject\" >\n\t\t\t\t\t\t<span itemprop='url'>https:\/\/penalolen.dev-gdm.cl\/mascotas\/wp-content\/uploads\/2022\/04\/maltratoanimal.jpg<\/span>\n\t\t\t\t\t\t<span itemprop='height'>504<\/span>\n\t\t\t\t\t\t<span itemprop='width'>800<\/span>\n\t\t\t\t<\/span>\n\t\t\t\t<span class='av-structured-data'  itemprop=\"publisher\" itemtype=\"https:\/\/schema.org\/Organization\" itemscope=\"itemscope\" >\n\t\t\t\t\t\t<span itemprop='name'>gdm<\/span>\n\t\t\t\t\t\t<span itemprop='logo' itemscope itemtype='https:\/\/schema.org\/ImageObject'>\n\t\t\t\t\t\t\t<span itemprop='url'>https:\/\/www.penalolen.cl\/social\/logo.png<\/span>\n\t\t\t\t\t\t <\/span>\n\t\t\t\t<\/span><span class='av-structured-data'  itemprop=\"author\" itemscope=\"itemscope\" itemtype=\"https:\/\/schema.org\/Person\" ><span itemprop='name'>gdm<\/span><\/span><span class='av-structured-data'  itemprop=\"datePublished\" datetime=\"2022-04-04T21:19:58+00:00\" >2022-04-04 21:19:58<\/span><span class='av-structured-data'  itemprop=\"dateModified\" itemtype=\"https:\/\/schema.org\/dateModified\" >2022-04-04 21:30:24<\/span><span class='av-structured-data'  itemprop=\"mainEntityOfPage\" itemtype=\"https:\/\/schema.org\/mainEntityOfPage\" ><span itemprop='name'>MALTRATO ANIMAL UNA REALIDAD EN NUESTRO PAIS<\/span><\/span><\/span><\/article><article class=\"post-entry post-entry-type-standard post-entry-66 post-loop-5 post-parity-odd single-big with-slider post-66 post type-post status-publish format-standard has-post-thumbnail hentry category-noticias\"  itemscope=\"itemscope\" itemtype=\"https:\/\/schema.org\/BlogPosting\" ><div class=\"blog-meta\"><\/div><div class='entry-content-wrapper clearfix standard-content'><header class=\"entry-content-header\"><div class=\"av-heading-wrapper\"><h2 class='post-title entry-title '  itemprop=\"headline\" ><a href=\"https:\/\/penalolen.dev-gdm.cl\/mascotas\/responsabilidades-de-duens-de-mascotas\/\" rel=\"bookmark\" title=\"Enlace permanente: Responsabilidades de due\u00f1@s de mascotas\">Responsabilidades de due\u00f1@s de mascotas<span class=\"post-format-icon minor-meta\"><\/span><\/a><\/h2><span class=\"blog-categories minor-meta\"><a href=\"https:\/\/penalolen.dev-gdm.cl\/mascotas\/category\/noticias\/\" rel=\"tag\">Noticias<\/a><\/span><\/div><\/header><span class=\"av-vertical-delimiter\"><\/span><div class=\"big-preview single-big\"  itemprop=\"image\" itemscope=\"itemscope\" itemtype=\"https:\/\/schema.org\/ImageObject\" ><a href=\"https:\/\/penalolen.dev-gdm.cl\/mascotas\/responsabilidades-de-duens-de-mascotas\/\"  title=\"h6-img-2\" ><img loading=\"lazy\" decoding=\"async\" width=\"800\" height=\"423\" src=\"https:\/\/penalolen.dev-gdm.cl\/mascotas\/wp-content\/uploads\/2022\/03\/h6-img-2-800x423.jpg\" class=\"wp-image-67 avia-img-lazy-loading-67 attachment-entry_without_sidebar size-entry_without_sidebar wp-post-image\" alt=\"\" srcset=\"https:\/\/penalolen.dev-gdm.cl\/mascotas\/wp-content\/uploads\/2022\/03\/h6-img-2-800x423.jpg 800w, https:\/\/penalolen.dev-gdm.cl\/mascotas\/wp-content\/uploads\/2022\/03\/h6-img-2-710x375.jpg 710w\" sizes=\"auto, (max-width: 800px) 100vw, 800px\" \/><\/a><\/div><div class=\"entry-content\"  itemprop=\"text\" ><p>Quienes conviven con un animal de compa\u00f1\u00eda saben muy bien las alegr\u00edas que un perr@ o un gat@ aportan a nuestras vidas. Tenerlos es un derecho pero, al mismo tiempo, implica una serie de obligaciones, que no est\u00e1 mal recordar de vez en cuando y se resumen en:\u00a0garantizar su bienestar y salud. Toma nota de [&hellip;]<\/p>\n<div class=\"read-more-link\"><a href=\"https:\/\/penalolen.dev-gdm.cl\/mascotas\/responsabilidades-de-duens-de-mascotas\/\" class=\"more-link\">Leer m\u00e1s<span class=\"more-link-arrow\"><\/span><\/a><\/div>\n<\/div><span class=\"post-meta-infos\"><\/span><footer class=\"entry-footer\"><\/footer><div class='post_delimiter'><\/div><\/div><div class=\"post_author_timeline\"><\/div><span class='hidden'>\n\t\t\t\t<span class='av-structured-data'  itemprop=\"image\" itemscope=\"itemscope\" itemtype=\"https:\/\/schema.org\/ImageObject\" >\n\t\t\t\t\t\t<span itemprop='url'>https:\/\/penalolen.dev-gdm.cl\/mascotas\/wp-content\/uploads\/2022\/03\/h6-img-2.jpg<\/span>\n\t\t\t\t\t\t<span itemprop='height'>504<\/span>\n\t\t\t\t\t\t<span itemprop='width'>800<\/span>\n\t\t\t\t<\/span>\n\t\t\t\t<span class='av-structured-data'  itemprop=\"publisher\" itemtype=\"https:\/\/schema.org\/Organization\" itemscope=\"itemscope\" >\n\t\t\t\t\t\t<span itemprop='name'>gdm<\/span>\n\t\t\t\t\t\t<span itemprop='logo' itemscope itemtype='https:\/\/schema.org\/ImageObject'>\n\t\t\t\t\t\t\t<span itemprop='url'>https:\/\/www.penalolen.cl\/social\/logo.png<\/span>\n\t\t\t\t\t\t <\/span>\n\t\t\t\t<\/span><span class='av-structured-data'  itemprop=\"author\" itemscope=\"itemscope\" itemtype=\"https:\/\/schema.org\/Person\" ><span itemprop='name'>gdm<\/span><\/span><span class='av-structured-data'  itemprop=\"datePublished\" datetime=\"2022-03-24T07:38:43+00:00\" >2022-03-24 07:38:43<\/span><span class='av-structured-data'  itemprop=\"dateModified\" itemtype=\"https:\/\/schema.org\/dateModified\" >2022-03-24 07:42:08<\/span><span class='av-structured-data'  itemprop=\"mainEntityOfPage\" itemtype=\"https:\/\/schema.org\/mainEntityOfPage\" ><span itemprop='name'>Responsabilidades de due\u00f1@s de mascotas<\/span><\/span><\/span><\/article><article class=\"post-entry post-entry-type-standard post-entry-62 post-loop-6 post-parity-even post-entry-last single-big with-slider post-62 post type-post status-publish format-standard has-post-thumbnail hentry category-noticias\"  itemscope=\"itemscope\" itemtype=\"https:\/\/schema.org\/BlogPosting\" ><div class=\"blog-meta\"><\/div><div class='entry-content-wrapper clearfix standard-content'><header class=\"entry-content-header\"><div class=\"av-heading-wrapper\"><h2 class='post-title entry-title '  itemprop=\"headline\" ><a href=\"https:\/\/penalolen.dev-gdm.cl\/mascotas\/actualidad-covid-19-y-mascotas\/\" rel=\"bookmark\" title=\"Enlace permanente: Actualidad COVID-19 y Mascotas\">Actualidad COVID-19 y Mascotas<span class=\"post-format-icon minor-meta\"><\/span><\/a><\/h2><span class=\"blog-categories minor-meta\"><a href=\"https:\/\/penalolen.dev-gdm.cl\/mascotas\/category\/noticias\/\" rel=\"tag\">Noticias<\/a><\/span><\/div><\/header><span class=\"av-vertical-delimiter\"><\/span><div class=\"big-preview single-big\"  itemprop=\"image\" itemscope=\"itemscope\" itemtype=\"https:\/\/schema.org\/ImageObject\" ><a href=\"https:\/\/penalolen.dev-gdm.cl\/mascotas\/actualidad-covid-19-y-mascotas\/\"  title=\"h1-img-4\" ><img loading=\"lazy\" decoding=\"async\" width=\"800\" height=\"423\" src=\"https:\/\/penalolen.dev-gdm.cl\/mascotas\/wp-content\/uploads\/2022\/03\/h1-img-4-800x423.jpg\" class=\"wp-image-118 avia-img-lazy-loading-118 attachment-entry_without_sidebar size-entry_without_sidebar wp-post-image\" alt=\"\" srcset=\"https:\/\/penalolen.dev-gdm.cl\/mascotas\/wp-content\/uploads\/2022\/03\/h1-img-4-800x423.jpg 800w, https:\/\/penalolen.dev-gdm.cl\/mascotas\/wp-content\/uploads\/2022\/03\/h1-img-4-710x375.jpg 710w\" sizes=\"auto, (max-width: 800px) 100vw, 800px\" \/><\/a><\/div><div class=\"entry-content\"  itemprop=\"text\" ><p>El virus\u00a0SARS CoV-2, es una cepa de la familia de los\u00a0Coronavirus, que provoca la enfermedad\u00a0COVID-19, nombre designado por la Organizaci\u00f3n Mundial de la Salud. Este no hab\u00eda sido detectado anteriormente en humanos, pero a la fechaya lleva miles personas contagiadas en el mundo desde su aparici\u00f3n a fines del a\u00f1o 2019 en China.<\/p>\n<div class=\"read-more-link\"><a href=\"https:\/\/penalolen.dev-gdm.cl\/mascotas\/actualidad-covid-19-y-mascotas\/\" class=\"more-link\">Leer m\u00e1s<span class=\"more-link-arrow\"><\/span><\/a><\/div>\n<\/div><span class=\"post-meta-infos\"><\/span><footer class=\"entry-footer\"><\/footer><div class='post_delimiter'><\/div><\/div><div class=\"post_author_timeline\"><\/div><span class='hidden'>\n\t\t\t\t<span class='av-structured-data'  itemprop=\"image\" itemscope=\"itemscope\" itemtype=\"https:\/\/schema.org\/ImageObject\" >\n\t\t\t\t\t\t<span itemprop='url'>https:\/\/penalolen.dev-gdm.cl\/mascotas\/wp-content\/uploads\/2022\/03\/h1-img-4.jpg<\/span>\n\t\t\t\t\t\t<span itemprop='height'>493<\/span>\n\t\t\t\t\t\t<span itemprop='width'>800<\/span>\n\t\t\t\t<\/span>\n\t\t\t\t<span class='av-structured-data'  itemprop=\"publisher\" itemtype=\"https:\/\/schema.org\/Organization\" itemscope=\"itemscope\" >\n\t\t\t\t\t\t<span itemprop='name'>gdm<\/span>\n\t\t\t\t\t\t<span itemprop='logo' itemscope itemtype='https:\/\/schema.org\/ImageObject'>\n\t\t\t\t\t\t\t<span itemprop='url'>https:\/\/www.penalolen.cl\/social\/logo.png<\/span>\n\t\t\t\t\t\t <\/span>\n\t\t\t\t<\/span><span class='av-structured-data'  itemprop=\"author\" itemscope=\"itemscope\" itemtype=\"https:\/\/schema.org\/Person\" ><span itemprop='name'>gdm<\/span><\/span><span class='av-structured-data'  itemprop=\"datePublished\" datetime=\"2022-03-24T07:05:46+00:00\" >2022-03-24 07:05:46<\/span><span class='av-structured-data'  itemprop=\"dateModified\" itemtype=\"https:\/\/schema.org\/dateModified\" >2022-04-04 21:50:52<\/span><span class='av-structured-data'  itemprop=\"mainEntityOfPage\" itemtype=\"https:\/\/schema.org\/mainEntityOfPage\" ><span itemprop='name'>Actualidad COVID-19 y Mascotas<\/span><\/span><\/span><\/article><div class='single-big'><\/div><\/div>\n","protected":false},"excerpt":{"rendered":"","protected":false},"author":1,"featured_media":0,"parent":0,"menu_order":0,"comment_status":"closed","ping_status":"closed","template":"","meta":{"footnotes":""},"class_list":["post-24","page","type-page","status-publish","hentry"],"_links":{"self":[{"href":"https:\/\/penalolen.dev-gdm.cl\/mascotas\/wp-json\/wp\/v2\/pages\/24","targetHints":{"allow":["GET"]}}],"collection":[{"href":"https:\/\/penalolen.dev-gdm.cl\/mascotas\/wp-json\/wp\/v2\/pages"}],"about":[{"href":"https:\/\/penalolen.dev-gdm.cl\/mascotas\/wp-json\/wp\/v2\/types\/page"}],"author":[{"embeddable":true,"href":"https:\/\/penalolen.dev-gdm.cl\/mascotas\/wp-json\/wp\/v2\/users\/1"}],"replies":[{"embeddable":true,"href":"https:\/\/penalolen.dev-gdm.cl\/mascotas\/wp-json\/wp\/v2\/comments?post=24"}],"version-history":[{"count":7,"href":"https:\/\/penalolen.dev-gdm.cl\/mascotas\/wp-json\/wp\/v2\/pages\/24\/revisions"}],"predecessor-version":[{"id":121,"href":"https:\/\/penalolen.dev-gdm.cl\/mascotas\/wp-json\/wp\/v2\/pages\/24\/revisions\/121"}],"wp:attachment":[{"href":"https:\/\/penalolen.dev-gdm.cl\/mascotas\/wp-json\/wp\/v2\/media?parent=24"}],"curies":[{"name":"wp","href":"https:\/\/api.w.org\/{rel}","templated":true}]}}